{"id":929,"date":"2020-07-24T10:20:11","date_gmt":"2020-07-24T10:20:11","guid":{"rendered":"https:\/\/zethenterprises.com\/?page_id=929"},"modified":"2020-07-24T10:21:55","modified_gmt":"2020-07-24T10:21:55","slug":"zeth-gaming","status":"publish","type":"page","link":"https:\/\/zethenterprises.com\/en\/zeth-gaming","title":{"rendered":"Zeth Gaming"},"content":{"rendered":"<div data-elementor-type=\"wp-page\" data-elementor-id=\"929\" class=\"elementor elementor-929\">\n\t\t\t\t\t\t<section class=\"elementor-section elementor-top-section elementor-element elementor-element-e23eeba elementor-section-boxed elementor-section-height-default elementor-section-height-default\" data-id=\"e23eeba\" data-element_type=\"section\">\n\t\t\t\t\t\t<div class=\"elementor-container elementor-column-gap-default\">\n\t\t\t\t\t<div class=\"elementor-column elementor-col-100 elementor-top-column elementor-element elementor-element-452713d\" data-id=\"452713d\" data-element_type=\"column\">\n\t\t\t<div class=\"elementor-widget-wrap elementor-element-populated\">\n\t\t\t\t\t\t<div class=\"elementor-element elementor-element-0a68c8a elementor-widget elementor-widget-text-editor\" data-id=\"0a68c8a\" data-element_type=\"widget\" data-widget_type=\"text-editor.default\">\n\t\t\t\t<div class=\"elementor-widget-container\">\n\t\t\t\t\t\t\t\t\t<h3><strong><em>Come meet the Gaming Team Members <a href=\"https:\/\/www.youtube.com\/channel\/UCgaBT7hZZY9WBol2Z7k8FPQ\">through Zeth Gaming<\/a>!<\/em><\/strong><\/h3>\t\t\t\t\t\t\t\t<\/div>\n\t\t\t\t<\/div>\n\t\t\t\t<div class=\"elementor-element elementor-element-f25272a elementor-tabs-view-horizontal elementor-widget elementor-widget-tabs\" data-id=\"f25272a\" data-element_type=\"widget\" data-settings=\"{&quot;_animation&quot;:&quot;none&quot;}\" data-widget_type=\"tabs.default\">\n\t\t\t\t<div class=\"elementor-widget-container\">\n\t\t\t\t\t\t\t<div class=\"elementor-tabs\">\n\t\t\t<div class=\"elementor-tabs-wrapper\" role=\"tablist\" >\n\t\t\t\t\t\t\t\t\t<div id=\"elementor-tab-title-2541\" class=\"elementor-tab-title elementor-tab-desktop-title\" aria-selected=\"true\" data-tab=\"1\" role=\"tab\" tabindex=\"0\" aria-controls=\"elementor-tab-content-2541\" aria-expanded=\"false\">Liviu\/Falcon<\/div>\n\t\t\t\t\t\t\t\t\t<div id=\"elementor-tab-title-2542\" class=\"elementor-tab-title elementor-tab-desktop-title\" aria-selected=\"false\" data-tab=\"2\" role=\"tab\" tabindex=\"-1\" aria-controls=\"elementor-tab-content-2542\" aria-expanded=\"false\">Pasca\/Viper<\/div>\n\t\t\t\t\t\t\t\t\t<div id=\"elementor-tab-title-2543\" class=\"elementor-tab-title elementor-tab-desktop-title\" aria-selected=\"false\" data-tab=\"3\" role=\"tab\" tabindex=\"-1\" aria-controls=\"elementor-tab-content-2543\" aria-expanded=\"false\">Marius\/Lion<\/div>\n\t\t\t\t\t\t\t\t\t<div id=\"elementor-tab-title-2544\" class=\"elementor-tab-title elementor-tab-desktop-title\" aria-selected=\"false\" data-tab=\"4\" role=\"tab\" tabindex=\"-1\" aria-controls=\"elementor-tab-content-2544\" aria-expanded=\"false\">Simon\/Aries<\/div>\n\t\t\t\t\t\t\t<\/div>\n\t\t\t<div class=\"elementor-tabs-content-wrapper\" role=\"tablist\" aria-orientation=\"vertical\">\n\t\t\t\t\t\t\t\t\t<div class=\"elementor-tab-title elementor-tab-mobile-title\" aria-selected=\"true\" data-tab=\"1\" role=\"tab\" tabindex=\"0\" aria-controls=\"elementor-tab-content-2541\" aria-expanded=\"false\">Liviu\/Falcon<\/div>\n\t\t\t\t\t<div id=\"elementor-tab-content-2541\" class=\"elementor-tab-content elementor-clearfix\" data-tab=\"1\" role=\"tabpanel\" aria-labelledby=\"elementor-tab-title-2541\" tabindex=\"0\" hidden=\"false\"><h5>Hello, I am Liviu (Falcon) and I co-founded the gaming project. I like a lot games which are build on a story (Red Dead Redemption 2, Assassin's Creed), but also action open-world, like: GTA V, Watch Dogs 1,2 and others. I constantly play League of Legends, which I play since 2014. To be honesty, I appreciate any game in equal measure if it's one which can retain my attention. I try to do mixed content, going through different genres of games. Video games are my passion since I was 8 years old.<\/h5><\/div>\n\t\t\t\t\t\t\t\t\t<div class=\"elementor-tab-title elementor-tab-mobile-title\" aria-selected=\"false\" data-tab=\"2\" role=\"tab\" tabindex=\"-1\" aria-controls=\"elementor-tab-content-2542\" aria-expanded=\"false\">Pasca\/Viper<\/div>\n\t\t\t\t\t<div id=\"elementor-tab-content-2542\" class=\"elementor-tab-content elementor-clearfix\" data-tab=\"2\" role=\"tabpanel\" aria-labelledby=\"elementor-tab-title-2542\" tabindex=\"0\" hidden=\"hidden\"><h5>&#8222;Gamer&#8221;, dac\u0103 acest cuv\u00e2nt m\u0103 poate descrie, preocupat \u00een general cu shootere, jocuri de strategie, dar \u0219i alte categorii mai mici. Jocuri diverse, montaje amuzante, momente demne de memorat (mai pu\u021bin, dar merge), cu clutch-uri 1v5 (\u00een visele mele, dar orice e posibil) \u0219i categorizat &#8222;try-harder&#8221; pentru c\u0103 vreau s\u0103 c\u00e2\u0219tig.<\/h5><\/div>\n\t\t\t\t\t\t\t\t\t<div class=\"elementor-tab-title elementor-tab-mobile-title\" aria-selected=\"false\" data-tab=\"3\" role=\"tab\" tabindex=\"-1\" aria-controls=\"elementor-tab-content-2543\" aria-expanded=\"false\">Marius\/Lion<\/div>\n\t\t\t\t\t<div id=\"elementor-tab-content-2543\" class=\"elementor-tab-content elementor-clearfix\" data-tab=\"3\" role=\"tabpanel\" aria-labelledby=\"elementor-tab-title-2543\" tabindex=\"0\" hidden=\"hidden\"><h5>It all started with inspiration lighted by Team Fotress 2. By watching LazyPurple and AceTheOcarinaMaker, I've become bound by the great chain which governs our lifes and destinies. Now, begone deadline. (not as edgy as other right m8?) Honorable metion is Transformers: Fall of Cybertron PS3, which rocks!<\/h5><\/div>\n\t\t\t\t\t\t\t\t\t<div class=\"elementor-tab-title elementor-tab-mobile-title\" aria-selected=\"false\" data-tab=\"4\" role=\"tab\" tabindex=\"-1\" aria-controls=\"elementor-tab-content-2544\" aria-expanded=\"false\">Simon\/Aries<\/div>\n\t\t\t\t\t<div id=\"elementor-tab-content-2544\" class=\"elementor-tab-content elementor-clearfix\" data-tab=\"4\" role=\"tabpanel\" aria-labelledby=\"elementor-tab-title-2544\" tabindex=\"0\" hidden=\"hidden\"><h5>Gameplay, Gamesense and GamEnjoyability with a flavor of Valorant, simple and relaxed (edit by translator: sure dude)<\/h5><\/div>\n\t\t\t\t\t\t\t<\/div>\n\t\t<\/div>\n\t\t\t\t\t\t<\/div>\n\t\t\t\t<\/div>\n\t\t\t\t\t<\/div>\n\t\t<\/div>\n\t\t\t\t\t<\/div>\n\t\t<\/section>\n\t\t\t\t<section class=\"elementor-section elementor-top-section elementor-element elementor-element-1c47d03 elementor-section-boxed elementor-section-height-default elementor-section-height-default\" data-id=\"1c47d03\" data-element_type=\"section\">\n\t\t\t\t\t\t<div class=\"elementor-container elementor-column-gap-default\">\n\t\t\t\t\t<div class=\"elementor-column elementor-col-100 elementor-top-column elementor-element elementor-element-34ce097\" data-id=\"34ce097\" data-element_type=\"column\">\n\t\t\t<div class=\"elementor-widget-wrap elementor-element-populated\">\n\t\t\t\t\t\t<div class=\"elementor-element elementor-element-097a944 elementor-widget elementor-widget-call-to-action\" data-id=\"097a944\" data-element_type=\"widget\" data-settings=\"{&quot;_animation&quot;:&quot;none&quot;}\" data-widget_type=\"call-to-action.default\">\n\t\t\t\t<div class=\"elementor-widget-container\">\n\t\t\t\t\t \t\t\t\t<\/div>\n\t\t\t\t<\/div>\n\t\t\t\t\t<\/div>\n\t\t<\/div>\n\t\t\t\t\t<\/div>\n\t\t<\/section>\n\t\t\t\t<\/div>","protected":false},"excerpt":{"rendered":"<p>F\u0103 cuno\u0219tin\u021b\u0103 cu membrii echipei de gaming! Liviu\/Falcon Pa\u0219ca\/Viper Marius\/Lion Simon\/Aries Liviu\/Falcon Salut, eu sunt Liviu (Falcon) \u0219i am cofondat proiectul de gaming. \u00cemi plac mult jocurile ce au \u00een spate o poveste (Red Dead Redemption 2, Assassin&#8217;s Creed), dar \u0219i cele de ac\u021biune open-world, precum: GTA V, Watch Dogs 1,2 \u0219i altele. \u00cen mod [&hellip;]<\/p>","protected":false},"author":6,"featured_media":0,"parent":0,"menu_order":0,"comment_status":"closed","ping_status":"closed","template":"","meta":{"_uag_custom_page_level_css":"","site-sidebar-layout":"default","site-content-layout":"default","ast-site-content-layout":"default","site-content-style":"default","site-sidebar-style":"default","ast-global-header-display":"","ast-banner-title-visibility":"","ast-main-header-display":"","ast-hfb-above-header-display":"","ast-hfb-below-header-display":"","ast-hfb-mobile-header-display":"","site-post-title":"","ast-breadcrumbs-content":"","ast-featured-img":"","footer-sml-layout":"","theme-transparent-header-meta":"default","adv-header-id-meta":"","stick-header-meta":"default","header-above-stick-meta":"","header-main-stick-meta":"","header-below-stick-meta":"","astra-migrate-meta-layouts":"default","ast-page-background-enabled":"default","ast-page-background-meta":{"desktop":{"background-color":"","background-image":"","background-repeat":"repeat","background-position":"center center","background-size":"auto","background-attachment":"scroll","background-type":"","background-media":"","overlay-type":"","overlay-color":"","overlay-opacity":"","overlay-gradient":""},"tablet":{"background-color":"","background-image":"","background-repeat":"repeat","background-position":"center center","background-size":"auto","background-attachment":"scroll","background-type":"","background-media":"","overlay-type":"","overlay-color":"","overlay-opacity":"","overlay-gradient":""},"mobile":{"background-color":"","background-image":"","background-repeat":"repeat","background-position":"center center","background-size":"auto","background-attachment":"scroll","background-type":"","background-media":"","overlay-type":"","overlay-color":"","overlay-opacity":"","overlay-gradient":""}},"ast-content-background-meta":{"desktop":{"background-color":"var(--ast-global-color-5)","background-image":"","background-repeat":"repeat","background-position":"center center","background-size":"auto","background-attachment":"scroll","background-type":"","background-media":"","overlay-type":"","overlay-color":"","overlay-opacity":"","overlay-gradient":""},"tablet":{"background-color":"var(--ast-global-color-5)","background-image":"","background-repeat":"repeat","background-position":"center center","background-size":"auto","background-attachment":"scroll","background-type":"","background-media":"","overlay-type":"","overlay-color":"","overlay-opacity":"","overlay-gradient":""},"mobile":{"background-color":"var(--ast-global-color-5)","background-image":"","background-repeat":"repeat","background-position":"center center","background-size":"auto","background-attachment":"scroll","background-type":"","background-media":"","overlay-type":"","overlay-color":"","overlay-opacity":"","overlay-gradient":""}},"ngg_post_thumbnail":0,"footnotes":""},"class_list":["post-929","page","type-page","status-publish","hentry"],"uagb_featured_image_src":{"full":false,"thumbnail":false,"medium":false,"medium_large":false,"large":false,"1536x1536":false,"2048x2048":false,"trp-custom-language-flag":false,"woocommerce_thumbnail":false,"woocommerce_single":false,"woocommerce_gallery_thumbnail":false},"uagb_author_info":{"display_name":"Bogdan Mihai \u201ePa\u0219ca\u201d Dumitru","author_link":"https:\/\/zethenterprises.com\/en\/author\/pasca"},"uagb_comment_info":0,"uagb_excerpt":"F\u0103 cuno\u0219tin\u021b\u0103 cu membrii echipei de gaming! Liviu\/Falcon Pa\u0219ca\/Viper Marius\/Lion Simon\/Aries Liviu\/Falcon Salut, eu sunt Liviu (Falcon) \u0219i am cofondat proiectul de gaming. \u00cemi plac mult jocurile ce au \u00een spate o poveste (Red Dead Redemption 2, Assassin&#8217;s Creed), dar \u0219i cele de ac\u021biune open-world, precum: GTA V, Watch Dogs 1,2 \u0219i altele. \u00cen mod&hellip;","_links":{"self":[{"href":"https:\/\/zethenterprises.com\/en\/wp-json\/wp\/v2\/pages\/929","targetHints":{"allow":["GET"]}}],"collection":[{"href":"https:\/\/zethenterprises.com\/en\/wp-json\/wp\/v2\/pages"}],"about":[{"href":"https:\/\/zethenterprises.com\/en\/wp-json\/wp\/v2\/types\/page"}],"author":[{"embeddable":true,"href":"https:\/\/zethenterprises.com\/en\/wp-json\/wp\/v2\/users\/6"}],"replies":[{"embeddable":true,"href":"https:\/\/zethenterprises.com\/en\/wp-json\/wp\/v2\/comments?post=929"}],"version-history":[{"count":7,"href":"https:\/\/zethenterprises.com\/en\/wp-json\/wp\/v2\/pages\/929\/revisions"}],"predecessor-version":[{"id":1031,"href":"https:\/\/zethenterprises.com\/en\/wp-json\/wp\/v2\/pages\/929\/revisions\/1031"}],"wp:attachment":[{"href":"https:\/\/zethenterprises.com\/en\/wp-json\/wp\/v2\/media?parent=929"}],"curies":[{"name":"wp","href":"https:\/\/api.w.org\/{rel}","templated":true}]}}