{"id":1036,"date":"2020-08-08T07:24:11","date_gmt":"2020-08-08T07:24:11","guid":{"rendered":"https:\/\/zethenterprises.com\/?post_type=product&#038;p=1036"},"modified":"2025-04-10T13:21:36","modified_gmt":"2025-04-10T13:21:36","slug":"cont-filelist","status":"publish","type":"product","link":"https:\/\/zethenterprises.com\/en\/shop\/cont-filelist","title":{"rendered":"FileList account"},"content":{"rendered":"","protected":false},"excerpt":{"rendered":"<p>Cont FileList pentru bine-cunoscutul tracker FileList.<\/p>\n<p>Livrarea se face \u00een maxim c\u00e2teva zile de la plasarea comenzii, de cele mai multe ori \u00een c\u00e2teva ore.<\/p>\n<p><strong>NU se accept\u0103 return\u0103ri pentru acest produs.<\/strong><\/p>","protected":false},"featured_media":1390,"comment_status":"open","ping_status":"closed","template":"","meta":{"_uag_custom_page_level_css":"","site-sidebar-layout":"default","site-content-layout":"default","ast-site-content-layout":"default","site-content-style":"default","site-sidebar-style":"default","ast-global-header-display":"","ast-banner-title-visibility":"","ast-main-header-display":"","ast-hfb-above-header-display":"","ast-hfb-below-header-display":"","ast-hfb-mobile-header-display":"","site-post-title":"","ast-breadcrumbs-content":"","ast-featured-img":"","footer-sml-layout":"","theme-transparent-header-meta":"default","adv-header-id-meta":"","stick-header-meta":"default","header-above-stick-meta":"","header-main-stick-meta":"","header-below-stick-meta":"","astra-migrate-meta-layouts":"set","ast-page-background-enabled":"default","ast-page-background-meta":{"desktop":{"background-color":"","background-image":"","background-repeat":"repeat","background-position":"center center","background-size":"auto","background-attachment":"scroll","background-type":"","background-media":"","overlay-type":"","overlay-color":"","overlay-opacity":"","overlay-gradient":""},"tablet":{"background-color":"","background-image":"","background-repeat":"repeat","background-position":"center center","background-size":"auto","background-attachment":"scroll","background-type":"","background-media":"","overlay-type":"","overlay-color":"","overlay-opacity":"","overlay-gradient":""},"mobile":{"background-color":"","background-image":"","background-repeat":"repeat","background-position":"center center","background-size":"auto","background-attachment":"scroll","background-type":"","background-media":"","overlay-type":"","overlay-color":"","overlay-opacity":"","overlay-gradient":""}},"ast-content-background-meta":{"desktop":{"background-color":"var(--ast-global-color-5)","background-image":"","background-repeat":"repeat","background-position":"center center","background-size":"auto","background-attachment":"scroll","background-type":"","background-media":"","overlay-type":"","overlay-color":"","overlay-opacity":"","overlay-gradient":""},"tablet":{"background-color":"var(--ast-global-color-5)","background-image":"","background-repeat":"repeat","background-position":"center center","background-size":"auto","background-attachment":"scroll","background-type":"","background-media":"","overlay-type":"","overlay-color":"","overlay-opacity":"","overlay-gradient":""},"mobile":{"background-color":"var(--ast-global-color-5)","background-image":"","background-repeat":"repeat","background-position":"center center","background-size":"auto","background-attachment":"scroll","background-type":"","background-media":"","overlay-type":"","overlay-color":"","overlay-opacity":"","overlay-gradient":""}},"ngg_post_thumbnail":0},"product_brand":[],"product_cat":[203],"product_tag":[],"class_list":{"0":"post-1036","1":"product","2":"type-product","3":"status-publish","4":"has-post-thumbnail","6":"product_cat-exclusiv-online","7":"desktop-align-left","8":"tablet-align-left","9":"mobile-align-left","11":"first","12":"instock","13":"virtual","14":"purchasable","15":"product-type-simple"},"uagb_featured_image_src":{"full":["https:\/\/zethenterprises.com\/wp-content\/uploads\/2020\/08\/Captura-de-ecran-2025-04-10-161245.png",283,240,false],"thumbnail":["https:\/\/zethenterprises.com\/wp-content\/uploads\/2020\/08\/Captura-de-ecran-2025-04-10-161245-150x150.png",150,150,true],"medium":["https:\/\/zethenterprises.com\/wp-content\/uploads\/2020\/08\/Captura-de-ecran-2025-04-10-161245.png",283,240,false],"medium_large":["https:\/\/zethenterprises.com\/wp-content\/uploads\/2020\/08\/Captura-de-ecran-2025-04-10-161245.png",283,240,false],"large":["https:\/\/zethenterprises.com\/wp-content\/uploads\/2020\/08\/Captura-de-ecran-2025-04-10-161245.png",283,240,false],"1536x1536":["https:\/\/zethenterprises.com\/wp-content\/uploads\/2020\/08\/Captura-de-ecran-2025-04-10-161245.png",283,240,false],"2048x2048":["https:\/\/zethenterprises.com\/wp-content\/uploads\/2020\/08\/Captura-de-ecran-2025-04-10-161245.png",283,240,false],"trp-custom-language-flag":["https:\/\/zethenterprises.com\/wp-content\/uploads\/2020\/08\/Captura-de-ecran-2025-04-10-161245-14x12.png",14,12,true],"woocommerce_thumbnail":["https:\/\/zethenterprises.com\/wp-content\/uploads\/2020\/08\/Captura-de-ecran-2025-04-10-161245.png",283,240,false],"woocommerce_single":["https:\/\/zethenterprises.com\/wp-content\/uploads\/2020\/08\/Captura-de-ecran-2025-04-10-161245.png",283,240,false],"woocommerce_gallery_thumbnail":["https:\/\/zethenterprises.com\/wp-content\/uploads\/2020\/08\/Captura-de-ecran-2025-04-10-161245-100x100.png",100,100,true]},"uagb_author_info":{"display_name":"Zeek Liviu Ioan","author_link":"https:\/\/zethenterprises.com\/en\/author"},"uagb_comment_info":0,"uagb_excerpt":"Cont FileList pentru bine-cunoscutul tracker FileList. Livrarea se face \u00een maxim c\u00e2teva zile de la plasarea comenzii, de cele mai multe ori \u00een c\u00e2teva ore. NU se accept\u0103 return\u0103ri pentru acest produs.","_links":{"self":[{"href":"https:\/\/zethenterprises.com\/en\/wp-json\/wp\/v2\/product\/1036","targetHints":{"allow":["GET"]}}],"collection":[{"href":"https:\/\/zethenterprises.com\/en\/wp-json\/wp\/v2\/product"}],"about":[{"href":"https:\/\/zethenterprises.com\/en\/wp-json\/wp\/v2\/types\/product"}],"replies":[{"embeddable":true,"href":"https:\/\/zethenterprises.com\/en\/wp-json\/wp\/v2\/comments?post=1036"}],"wp:featuredmedia":[{"embeddable":true,"href":"https:\/\/zethenterprises.com\/en\/wp-json\/wp\/v2\/media\/1390"}],"wp:attachment":[{"href":"https:\/\/zethenterprises.com\/en\/wp-json\/wp\/v2\/media?parent=1036"}],"wp:term":[{"taxonomy":"product_brand","embeddable":true,"href":"https:\/\/zethenterprises.com\/en\/wp-json\/wp\/v2\/product_brand?post=1036"},{"taxonomy":"product_cat","embeddable":true,"href":"https:\/\/zethenterprises.com\/en\/wp-json\/wp\/v2\/product_cat?post=1036"},{"taxonomy":"product_tag","embeddable":true,"href":"https:\/\/zethenterprises.com\/en\/wp-json\/wp\/v2\/product_tag?post=1036"}],"curies":[{"name":"wp","href":"https:\/\/api.w.org\/{rel}","templated":true}]}}